{"id":1724,"date":"2019-11-20T09:49:56","date_gmt":"2019-11-20T08:49:56","guid":{"rendered":"https:\/\/www.banc-public.ch\/?page_id=1724"},"modified":"2023-05-05T11:07:32","modified_gmt":"2023-05-05T09:07:32","slug":"uns-finanziell-unterstuetzen","status":"publish","type":"page","link":"https:\/\/www.banc-public.ch\/de\/uns-finanziell-unterstuetzen\/","title":{"rendered":"Uns finanziell unterst\u00fctzen"},"content":{"rendered":"\n<p>Sie k\u00f6nnen unsere Aktivit\u00e4ten sehr konkret und direkt unterst\u00fctzen und damit die Lebensqualit\u00e4t der in Bedr\u00e4ngnis geratenen Menschen verbessern. Sie K\u00f6nnen :<\/p>\n<h3>EINE SPENDE MACHEN<\/h3>\n<p>Auf unser Bankkonto :<br \/>Freiburger Kantonalbank 17-49-3<br \/>IBAN CH43 0076 8300 1199 6180 8<\/p>\n<p>Da unsere Vereinigung als gemeinn\u00fctzige Institution anerkannt ist, k\u00f6nnen Ihre Zuwendungen von der Steuer abgezogen werden. Wir stelle Ihnen daf\u00fcr eine Best\u00e4titgung aus.<\/p>\n<h3>DIE ERGEBNISSE EINER KULTURELLEN INITIATIVE ODER VERANSTALTUNG TEILEN<\/h3>\n<p>Sie sind Mitglied einer kulturellen Organisation, einer Theatergruppe, eines Chors \u2026 Sie organisieren ein Event, eine Vorstellung und m\u00f6chten uns damit unterst\u00fctzen.<br \/>Ihr Betrieb ist auf der Suche nach einem sozialen Engagement, einem\u00a0 anderen Weihnachtsgeschenk?\u00a0 Nehmen Sie mit uns Verbindung auf.<\/p>\n<p>F\u00fcr weitere Informationen kontaktieren Sie uns!<\/p>\n<p>\u00a0<\/p>\n","protected":false},"excerpt":{"rendered":"<p>Sie k\u00f6nnen unsere Aktivit\u00e4ten sehr konkret und direkt unterst\u00fctzen und damit die Lebensqualit\u00e4t der in Bedr\u00e4ngnis geratenen Menschen verbessern. Sie K\u00f6nnen : EINE SPENDE MACHEN Auf unser Bankkonto :Freiburger Kantonalbank 17-49-3IBAN CH43 0076 8300 1199 6180 8 Da unsere Vereinigung als gemeinn\u00fctzige Institution anerkannt ist, k\u00f6nnen Ihre Zuwendungen von der Steuer abgezogen werden. Wir stelle&hellip; <a class=\"read-more\" href=\"https:\/\/www.banc-public.ch\/de\/uns-finanziell-unterstuetzen\/\">Read More<\/a><\/p>\n","protected":false},"author":2,"featured_media":0,"parent":0,"menu_order":0,"comment_status":"closed","ping_status":"closed","template":"","meta":{"_acf_changed":false,"_monsterinsights_skip_tracking":false,"_monsterinsights_sitenote_active":false,"_monsterinsights_sitenote_note":"","_monsterinsights_sitenote_category":0,"footnotes":""},"class_list":["post-1724","page","type-page","status-publish","hentry"],"acf":[],"yoast_head":"<!-- This site is optimized with the Yoast SEO plugin v27.3 - https:\/\/yoast.com\/product\/yoast-seo-wordpress\/ -->\n<title>Uns finanziell unterst\u00fctzen - Banc Public<\/title>\n<meta name=\"robots\" content=\"index, follow, max-snippet:-1, max-image-preview:large, max-video-preview:-1\" \/>\n<link rel=\"canonical\" href=\"https:\/\/www.banc-public.ch\/de\/uns-finanziell-unterstuetzen\/\" \/>\n<meta property=\"og:locale\" content=\"de_DE\" \/>\n<meta property=\"og:type\" content=\"article\" \/>\n<meta property=\"og:title\" content=\"Uns finanziell unterst\u00fctzen - Banc Public\" \/>\n<meta property=\"og:description\" content=\"Sie k\u00f6nnen unsere Aktivit\u00e4ten sehr konkret und direkt unterst\u00fctzen und damit die Lebensqualit\u00e4t der in Bedr\u00e4ngnis geratenen Menschen verbessern. Sie K\u00f6nnen : EINE SPENDE MACHEN Auf unser Bankkonto :Freiburger Kantonalbank 17-49-3IBAN CH43 0076 8300 1199 6180 8 Da unsere Vereinigung als gemeinn\u00fctzige Institution anerkannt ist, k\u00f6nnen Ihre Zuwendungen von der Steuer abgezogen werden. Wir stelle&hellip; Read More\" \/>\n<meta property=\"og:url\" content=\"https:\/\/www.banc-public.ch\/de\/uns-finanziell-unterstuetzen\/\" \/>\n<meta property=\"og:site_name\" content=\"Banc Public\" \/>\n<meta property=\"article:modified_time\" content=\"2023-05-05T09:07:32+00:00\" \/>\n<meta name=\"twitter:card\" content=\"summary_large_image\" \/>\n<meta name=\"twitter:label1\" content=\"Gesch\u00e4tzte Lesezeit\" \/>\n\t<meta name=\"twitter:data1\" content=\"1\u00a0Minute\" \/>\n<script type=\"application\/ld+json\" class=\"yoast-schema-graph\">{\"@context\":\"https:\\\/\\\/schema.org\",\"@graph\":[{\"@type\":\"WebPage\",\"@id\":\"https:\\\/\\\/www.banc-public.ch\\\/de\\\/uns-finanziell-unterstuetzen\\\/\",\"url\":\"https:\\\/\\\/www.banc-public.ch\\\/de\\\/uns-finanziell-unterstuetzen\\\/\",\"name\":\"Uns finanziell unterst\u00fctzen - Banc Public\",\"isPartOf\":{\"@id\":\"https:\\\/\\\/www.banc-public.ch\\\/de\\\/#website\"},\"datePublished\":\"2019-11-20T08:49:56+00:00\",\"dateModified\":\"2023-05-05T09:07:32+00:00\",\"breadcrumb\":{\"@id\":\"https:\\\/\\\/www.banc-public.ch\\\/de\\\/uns-finanziell-unterstuetzen\\\/#breadcrumb\"},\"inLanguage\":\"de\",\"potentialAction\":[{\"@type\":\"ReadAction\",\"target\":[\"https:\\\/\\\/www.banc-public.ch\\\/de\\\/uns-finanziell-unterstuetzen\\\/\"]}]},{\"@type\":\"BreadcrumbList\",\"@id\":\"https:\\\/\\\/www.banc-public.ch\\\/de\\\/uns-finanziell-unterstuetzen\\\/#breadcrumb\",\"itemListElement\":[{\"@type\":\"ListItem\",\"position\":1,\"name\":\"Accueil\",\"item\":\"https:\\\/\\\/www.banc-public.ch\\\/de\\\/willkommen\\\/\"},{\"@type\":\"ListItem\",\"position\":2,\"name\":\"Uns finanziell unterst\u00fctzen\"}]},{\"@type\":\"WebSite\",\"@id\":\"https:\\\/\\\/www.banc-public.ch\\\/de\\\/#website\",\"url\":\"https:\\\/\\\/www.banc-public.ch\\\/de\\\/\",\"name\":\"Banc Public\",\"description\":\"Accueil de jour - Tageszentrum\",\"potentialAction\":[{\"@type\":\"SearchAction\",\"target\":{\"@type\":\"EntryPoint\",\"urlTemplate\":\"https:\\\/\\\/www.banc-public.ch\\\/de\\\/?s={search_term_string}\"},\"query-input\":{\"@type\":\"PropertyValueSpecification\",\"valueRequired\":true,\"valueName\":\"search_term_string\"}}],\"inLanguage\":\"de\"}]}<\/script>\n<!-- \/ Yoast SEO plugin. -->","yoast_head_json":{"title":"Uns finanziell unterst\u00fctzen - Banc Public","robots":{"index":"index","follow":"follow","max-snippet":"max-snippet:-1","max-image-preview":"max-image-preview:large","max-video-preview":"max-video-preview:-1"},"canonical":"https:\/\/www.banc-public.ch\/de\/uns-finanziell-unterstuetzen\/","og_locale":"de_DE","og_type":"article","og_title":"Uns finanziell unterst\u00fctzen - Banc Public","og_description":"Sie k\u00f6nnen unsere Aktivit\u00e4ten sehr konkret und direkt unterst\u00fctzen und damit die Lebensqualit\u00e4t der in Bedr\u00e4ngnis geratenen Menschen verbessern. Sie K\u00f6nnen : EINE SPENDE MACHEN Auf unser Bankkonto :Freiburger Kantonalbank 17-49-3IBAN CH43 0076 8300 1199 6180 8 Da unsere Vereinigung als gemeinn\u00fctzige Institution anerkannt ist, k\u00f6nnen Ihre Zuwendungen von der Steuer abgezogen werden. Wir stelle&hellip; Read More","og_url":"https:\/\/www.banc-public.ch\/de\/uns-finanziell-unterstuetzen\/","og_site_name":"Banc Public","article_modified_time":"2023-05-05T09:07:32+00:00","twitter_card":"summary_large_image","twitter_misc":{"Gesch\u00e4tzte Lesezeit":"1\u00a0Minute"},"schema":{"@context":"https:\/\/schema.org","@graph":[{"@type":"WebPage","@id":"https:\/\/www.banc-public.ch\/de\/uns-finanziell-unterstuetzen\/","url":"https:\/\/www.banc-public.ch\/de\/uns-finanziell-unterstuetzen\/","name":"Uns finanziell unterst\u00fctzen - Banc Public","isPartOf":{"@id":"https:\/\/www.banc-public.ch\/de\/#website"},"datePublished":"2019-11-20T08:49:56+00:00","dateModified":"2023-05-05T09:07:32+00:00","breadcrumb":{"@id":"https:\/\/www.banc-public.ch\/de\/uns-finanziell-unterstuetzen\/#breadcrumb"},"inLanguage":"de","potentialAction":[{"@type":"ReadAction","target":["https:\/\/www.banc-public.ch\/de\/uns-finanziell-unterstuetzen\/"]}]},{"@type":"BreadcrumbList","@id":"https:\/\/www.banc-public.ch\/de\/uns-finanziell-unterstuetzen\/#breadcrumb","itemListElement":[{"@type":"ListItem","position":1,"name":"Accueil","item":"https:\/\/www.banc-public.ch\/de\/willkommen\/"},{"@type":"ListItem","position":2,"name":"Uns finanziell unterst\u00fctzen"}]},{"@type":"WebSite","@id":"https:\/\/www.banc-public.ch\/de\/#website","url":"https:\/\/www.banc-public.ch\/de\/","name":"Banc Public","description":"Accueil de jour - Tageszentrum","potentialAction":[{"@type":"SearchAction","target":{"@type":"EntryPoint","urlTemplate":"https:\/\/www.banc-public.ch\/de\/?s={search_term_string}"},"query-input":{"@type":"PropertyValueSpecification","valueRequired":true,"valueName":"search_term_string"}}],"inLanguage":"de"}]}},"_links":{"self":[{"href":"https:\/\/www.banc-public.ch\/de\/wp-json\/wp\/v2\/pages\/1724","targetHints":{"allow":["GET"]}}],"collection":[{"href":"https:\/\/www.banc-public.ch\/de\/wp-json\/wp\/v2\/pages"}],"about":[{"href":"https:\/\/www.banc-public.ch\/de\/wp-json\/wp\/v2\/types\/page"}],"author":[{"embeddable":true,"href":"https:\/\/www.banc-public.ch\/de\/wp-json\/wp\/v2\/users\/2"}],"replies":[{"embeddable":true,"href":"https:\/\/www.banc-public.ch\/de\/wp-json\/wp\/v2\/comments?post=1724"}],"version-history":[{"count":3,"href":"https:\/\/www.banc-public.ch\/de\/wp-json\/wp\/v2\/pages\/1724\/revisions"}],"predecessor-version":[{"id":3009,"href":"https:\/\/www.banc-public.ch\/de\/wp-json\/wp\/v2\/pages\/1724\/revisions\/3009"}],"wp:attachment":[{"href":"https:\/\/www.banc-public.ch\/de\/wp-json\/wp\/v2\/media?parent=1724"}],"curies":[{"name":"wp","href":"https:\/\/api.w.org\/{rel}","templated":true}]}}