{"id":1730,"date":"2019-11-20T09:50:55","date_gmt":"2019-11-20T08:50:55","guid":{"rendered":"https:\/\/www.banc-public.ch\/?page_id=1730"},"modified":"2019-11-20T15:14:27","modified_gmt":"2019-11-20T14:14:27","slug":"freiwiliger-werden","status":"publish","type":"page","link":"https:\/\/www.banc-public.ch\/de\/freiwiliger-werden\/","title":{"rendered":"Freiwiliger werden"},"content":{"rendered":"\n<p>Sie m\u00f6chten konkret an unseren Aktivit\u00e4ten teilnehmen. Sie sind herzlich eingeladen, sich an uns anzuschlie\u00dfen !<\/p>\n<p>Die Mitarbeit von Freiwilligen in f\u00fcr unser Team einen wertvollen Beitrag\u00a0 und eine gesch\u00e4tzte Hilfe (Unterst\u00fctzung bei der Zubereitung von Mahlzeiten, Service, Haushaltsarbeiten&#8230;.).<\/p>\n<p>F\u00fcr unsere Jahresendaktion von\u00a0<a href=\"https:\/\/www.banc-public.ch\/de\/events\/\">Solidarit\u00e4tsessen <\/a> suchen wir auch Freiwillige f\u00fcr die Vorbereitung und den Dienst.<\/p>\n<p>F\u00fcr weitere Informationen kontaktieren Sie uns telefonisch mit der 026 481 39 46 oder per E-Mail unter der Adresse direction@banc-public.ch.<\/p>\n<p>\u00a0<\/p>\n","protected":false},"excerpt":{"rendered":"<p>Sie m\u00f6chten konkret an unseren Aktivit\u00e4ten teilnehmen. Sie sind herzlich eingeladen, sich an uns anzuschlie\u00dfen ! Die Mitarbeit von Freiwilligen in f\u00fcr unser Team einen wertvollen Beitrag\u00a0 und eine gesch\u00e4tzte Hilfe (Unterst\u00fctzung bei der Zubereitung von Mahlzeiten, Service, Haushaltsarbeiten&#8230;.). F\u00fcr unsere Jahresendaktion von\u00a0Solidarit\u00e4tsessen suchen wir auch Freiwillige f\u00fcr die Vorbereitung und den Dienst. F\u00fcr weitere&hellip; <a class=\"read-more\" href=\"https:\/\/www.banc-public.ch\/de\/freiwiliger-werden\/\">Read More<\/a><\/p>\n","protected":false},"author":2,"featured_media":0,"parent":0,"menu_order":0,"comment_status":"closed","ping_status":"closed","template":"","meta":{"_acf_changed":false,"_monsterinsights_skip_tracking":false,"_monsterinsights_sitenote_active":false,"_monsterinsights_sitenote_note":"","_monsterinsights_sitenote_category":0,"footnotes":""},"class_list":["post-1730","page","type-page","status-publish","hentry"],"acf":[],"yoast_head":"<!-- This site is optimized with the Yoast SEO plugin v27.3 - https:\/\/yoast.com\/product\/yoast-seo-wordpress\/ -->\n<title>Freiwiliger werden - Banc Public<\/title>\n<meta name=\"robots\" content=\"index, follow, max-snippet:-1, max-image-preview:large, max-video-preview:-1\" \/>\n<link rel=\"canonical\" href=\"https:\/\/www.banc-public.ch\/de\/freiwiliger-werden\/\" \/>\n<meta property=\"og:locale\" content=\"de_DE\" \/>\n<meta property=\"og:type\" content=\"article\" \/>\n<meta property=\"og:title\" content=\"Freiwiliger werden - Banc Public\" \/>\n<meta property=\"og:description\" content=\"Sie m\u00f6chten konkret an unseren Aktivit\u00e4ten teilnehmen. Sie sind herzlich eingeladen, sich an uns anzuschlie\u00dfen ! Die Mitarbeit von Freiwilligen in f\u00fcr unser Team einen wertvollen Beitrag\u00a0 und eine gesch\u00e4tzte Hilfe (Unterst\u00fctzung bei der Zubereitung von Mahlzeiten, Service, Haushaltsarbeiten&#8230;.). F\u00fcr unsere Jahresendaktion von\u00a0Solidarit\u00e4tsessen suchen wir auch Freiwillige f\u00fcr die Vorbereitung und den Dienst. F\u00fcr weitere&hellip; Read More\" \/>\n<meta property=\"og:url\" content=\"https:\/\/www.banc-public.ch\/de\/freiwiliger-werden\/\" \/>\n<meta property=\"og:site_name\" content=\"Banc Public\" \/>\n<meta property=\"article:modified_time\" content=\"2019-11-20T14:14:27+00:00\" \/>\n<meta name=\"twitter:card\" content=\"summary_large_image\" \/>\n<script type=\"application\/ld+json\" class=\"yoast-schema-graph\">{\"@context\":\"https:\\\/\\\/schema.org\",\"@graph\":[{\"@type\":\"WebPage\",\"@id\":\"https:\\\/\\\/www.banc-public.ch\\\/de\\\/freiwiliger-werden\\\/\",\"url\":\"https:\\\/\\\/www.banc-public.ch\\\/de\\\/freiwiliger-werden\\\/\",\"name\":\"Freiwiliger werden - Banc Public\",\"isPartOf\":{\"@id\":\"https:\\\/\\\/www.banc-public.ch\\\/de\\\/#website\"},\"datePublished\":\"2019-11-20T08:50:55+00:00\",\"dateModified\":\"2019-11-20T14:14:27+00:00\",\"breadcrumb\":{\"@id\":\"https:\\\/\\\/www.banc-public.ch\\\/de\\\/freiwiliger-werden\\\/#breadcrumb\"},\"inLanguage\":\"de\",\"potentialAction\":[{\"@type\":\"ReadAction\",\"target\":[\"https:\\\/\\\/www.banc-public.ch\\\/de\\\/freiwiliger-werden\\\/\"]}]},{\"@type\":\"BreadcrumbList\",\"@id\":\"https:\\\/\\\/www.banc-public.ch\\\/de\\\/freiwiliger-werden\\\/#breadcrumb\",\"itemListElement\":[{\"@type\":\"ListItem\",\"position\":1,\"name\":\"Accueil\",\"item\":\"https:\\\/\\\/www.banc-public.ch\\\/de\\\/willkommen\\\/\"},{\"@type\":\"ListItem\",\"position\":2,\"name\":\"Freiwiliger werden\"}]},{\"@type\":\"WebSite\",\"@id\":\"https:\\\/\\\/www.banc-public.ch\\\/de\\\/#website\",\"url\":\"https:\\\/\\\/www.banc-public.ch\\\/de\\\/\",\"name\":\"Banc Public\",\"description\":\"Accueil de jour - Tageszentrum\",\"potentialAction\":[{\"@type\":\"SearchAction\",\"target\":{\"@type\":\"EntryPoint\",\"urlTemplate\":\"https:\\\/\\\/www.banc-public.ch\\\/de\\\/?s={search_term_string}\"},\"query-input\":{\"@type\":\"PropertyValueSpecification\",\"valueRequired\":true,\"valueName\":\"search_term_string\"}}],\"inLanguage\":\"de\"}]}<\/script>\n<!-- \/ Yoast SEO plugin. -->","yoast_head_json":{"title":"Freiwiliger werden - Banc Public","robots":{"index":"index","follow":"follow","max-snippet":"max-snippet:-1","max-image-preview":"max-image-preview:large","max-video-preview":"max-video-preview:-1"},"canonical":"https:\/\/www.banc-public.ch\/de\/freiwiliger-werden\/","og_locale":"de_DE","og_type":"article","og_title":"Freiwiliger werden - Banc Public","og_description":"Sie m\u00f6chten konkret an unseren Aktivit\u00e4ten teilnehmen. Sie sind herzlich eingeladen, sich an uns anzuschlie\u00dfen ! Die Mitarbeit von Freiwilligen in f\u00fcr unser Team einen wertvollen Beitrag\u00a0 und eine gesch\u00e4tzte Hilfe (Unterst\u00fctzung bei der Zubereitung von Mahlzeiten, Service, Haushaltsarbeiten&#8230;.). F\u00fcr unsere Jahresendaktion von\u00a0Solidarit\u00e4tsessen suchen wir auch Freiwillige f\u00fcr die Vorbereitung und den Dienst. F\u00fcr weitere&hellip; Read More","og_url":"https:\/\/www.banc-public.ch\/de\/freiwiliger-werden\/","og_site_name":"Banc Public","article_modified_time":"2019-11-20T14:14:27+00:00","twitter_card":"summary_large_image","schema":{"@context":"https:\/\/schema.org","@graph":[{"@type":"WebPage","@id":"https:\/\/www.banc-public.ch\/de\/freiwiliger-werden\/","url":"https:\/\/www.banc-public.ch\/de\/freiwiliger-werden\/","name":"Freiwiliger werden - Banc Public","isPartOf":{"@id":"https:\/\/www.banc-public.ch\/de\/#website"},"datePublished":"2019-11-20T08:50:55+00:00","dateModified":"2019-11-20T14:14:27+00:00","breadcrumb":{"@id":"https:\/\/www.banc-public.ch\/de\/freiwiliger-werden\/#breadcrumb"},"inLanguage":"de","potentialAction":[{"@type":"ReadAction","target":["https:\/\/www.banc-public.ch\/de\/freiwiliger-werden\/"]}]},{"@type":"BreadcrumbList","@id":"https:\/\/www.banc-public.ch\/de\/freiwiliger-werden\/#breadcrumb","itemListElement":[{"@type":"ListItem","position":1,"name":"Accueil","item":"https:\/\/www.banc-public.ch\/de\/willkommen\/"},{"@type":"ListItem","position":2,"name":"Freiwiliger werden"}]},{"@type":"WebSite","@id":"https:\/\/www.banc-public.ch\/de\/#website","url":"https:\/\/www.banc-public.ch\/de\/","name":"Banc Public","description":"Accueil de jour - Tageszentrum","potentialAction":[{"@type":"SearchAction","target":{"@type":"EntryPoint","urlTemplate":"https:\/\/www.banc-public.ch\/de\/?s={search_term_string}"},"query-input":{"@type":"PropertyValueSpecification","valueRequired":true,"valueName":"search_term_string"}}],"inLanguage":"de"}]}},"_links":{"self":[{"href":"https:\/\/www.banc-public.ch\/de\/wp-json\/wp\/v2\/pages\/1730","targetHints":{"allow":["GET"]}}],"collection":[{"href":"https:\/\/www.banc-public.ch\/de\/wp-json\/wp\/v2\/pages"}],"about":[{"href":"https:\/\/www.banc-public.ch\/de\/wp-json\/wp\/v2\/types\/page"}],"author":[{"embeddable":true,"href":"https:\/\/www.banc-public.ch\/de\/wp-json\/wp\/v2\/users\/2"}],"replies":[{"embeddable":true,"href":"https:\/\/www.banc-public.ch\/de\/wp-json\/wp\/v2\/comments?post=1730"}],"version-history":[{"count":0,"href":"https:\/\/www.banc-public.ch\/de\/wp-json\/wp\/v2\/pages\/1730\/revisions"}],"wp:attachment":[{"href":"https:\/\/www.banc-public.ch\/de\/wp-json\/wp\/v2\/media?parent=1730"}],"curies":[{"name":"wp","href":"https:\/\/api.w.org\/{rel}","templated":true}]}}