{"id":305,"date":"2017-04-11T14:27:55","date_gmt":"2017-04-11T12:27:55","guid":{"rendered":"https:\/\/www.banc-public.ch\/banc-public-2017\/de\/?page_id=305"},"modified":"2019-11-20T15:10:21","modified_gmt":"2019-11-20T14:10:21","slug":"mitglied-werden-2","status":"publish","type":"page","link":"https:\/\/www.banc-public.ch\/de\/mitglied-werden-2\/","title":{"rendered":"Mitglied werden"},"content":{"rendered":"<p>Sie m\u00f6chten die Mission unseres Vereins unterst\u00fctzen und daran teilnehmen. Wir w\u00fcrden uns freuen, Sie als Mitglied begr\u00fc\u00dfen zu d\u00fcrfen.<br \/>\nRegistrieren Sie sich mit dem folgenden Formular.<\/p>\n\n<div class=\"wpcf7 no-js\" id=\"wpcf7-f299-o1\" lang=\"fr-FR\" dir=\"ltr\" data-wpcf7-id=\"299\">\n<div class=\"screen-reader-response\"><p role=\"status\" aria-live=\"polite\" aria-atomic=\"true\"><\/p> <ul><\/ul><\/div>\n<form action=\"\/de\/wp-json\/wp\/v2\/pages\/305#wpcf7-f299-o1\" method=\"post\" class=\"wpcf7-form init\" aria-label=\"Formulaire de contact\" novalidate=\"novalidate\" data-status=\"init\">\n<fieldset class=\"hidden-fields-container\"><input type=\"hidden\" name=\"_wpcf7\" value=\"299\" \/><input type=\"hidden\" name=\"_wpcf7_version\" value=\"6.1.5\" \/><input type=\"hidden\" name=\"_wpcf7_locale\" value=\"fr_FR\" \/><input type=\"hidden\" name=\"_wpcf7_unit_tag\" value=\"wpcf7-f299-o1\" \/><input type=\"hidden\" name=\"_wpcf7_container_post\" value=\"0\" \/><input type=\"hidden\" name=\"_wpcf7_posted_data_hash\" value=\"\" \/><input type=\"hidden\" name=\"_wpcf7_recaptcha_response\" value=\"\" \/>\n<\/fieldset>\n<p>Ja, ich verpflichte mich dazu, den Verein Banc Public zu unterst\u00fctzen und werde:\n<\/p>\n<p><span class=\"wpcf7-form-control-wrap\" data-name=\"beitrag\"><span class=\"wpcf7-form-control wpcf7-radio\"><span class=\"wpcf7-list-item first\"><input type=\"radio\" name=\"beitrag\" value=\"Einzelmitglied (Beitrag : CHF 50.- \/Jahr)\" \/><span class=\"wpcf7-list-item-label\">Einzelmitglied (Beitrag : CHF 50.- \/Jahr)<\/span><\/span><span class=\"wpcf7-list-item\"><input type=\"radio\" name=\"beitrag\" value=\"AHV\/IV\/Arbeitslose\/Student (Beitrag : CHF 10.- \/Jahr)\" \/><span class=\"wpcf7-list-item-label\">AHV\/IV\/Arbeitslose\/Student (Beitrag : CHF 10.- \/Jahr)<\/span><\/span><span class=\"wpcf7-list-item\"><input type=\"radio\" name=\"beitrag\" value=\"Kollektivmitglied (Beitrag : CHF 150.- \/Jahr)\" \/><span class=\"wpcf7-list-item-label\">Kollektivmitglied (Beitrag : CHF 150.- \/Jahr)<\/span><\/span><span class=\"wpcf7-list-item last\"><input type=\"radio\" name=\"beitrag\" value=\"Partnermitglied  (Abrechnung) (Beitrag : CHF 200.- \/Jahr)\" \/><span class=\"wpcf7-list-item-label\">Partnermitglied  (Abrechnung) (Beitrag : CHF 200.- \/Jahr)<\/span><\/span><\/span><\/span>\n<\/p>\n<p><label> Firma<br \/>\n<span class=\"wpcf7-form-control-wrap\" data-name=\"firma\"><input size=\"40\" maxlength=\"400\" class=\"wpcf7-form-control wpcf7-text\" aria-invalid=\"false\" value=\"\" type=\"text\" name=\"firma\" \/><\/span> <\/label>\n<\/p>\n<p><label> Name (*)<br \/>\n<span class=\"wpcf7-form-control-wrap\" data-name=\"name-de\"><input size=\"40\" maxlength=\"400\" class=\"wpcf7-form-control wpcf7-text wpcf7-validates-as-required\" aria-required=\"true\" aria-invalid=\"false\" value=\"\" type=\"text\" name=\"name-de\" \/><\/span> <\/label>\n<\/p>\n<p><label> Vorname (*)<br \/>\n<span class=\"wpcf7-form-control-wrap\" data-name=\"vorname\"><input size=\"40\" maxlength=\"400\" class=\"wpcf7-form-control wpcf7-text wpcf7-validates-as-required\" aria-required=\"true\" aria-invalid=\"false\" value=\"\" type=\"text\" name=\"vorname\" \/><\/span> <\/label>\n<\/p>\n<p><label> Adresse (*)<br \/>\n<span class=\"wpcf7-form-control-wrap\" data-name=\"adresse\"><input size=\"40\" maxlength=\"400\" class=\"wpcf7-form-control wpcf7-text wpcf7-validates-as-required\" aria-required=\"true\" aria-invalid=\"false\" value=\"\" type=\"text\" name=\"adresse\" \/><\/span> <\/label>\n<\/p>\n<p><label> Ort und PLZ (*)<br \/>\n<span class=\"wpcf7-form-control-wrap\" data-name=\"adresse\"><input size=\"40\" maxlength=\"400\" class=\"wpcf7-form-control wpcf7-text wpcf7-validates-as-required\" aria-required=\"true\" aria-invalid=\"false\" value=\"\" type=\"text\" name=\"adresse\" \/><\/span> <\/label>\n<\/p>\n<p><label> Email (*)<br \/>\n<span class=\"wpcf7-form-control-wrap\" data-name=\"email\"><input size=\"40\" maxlength=\"400\" class=\"wpcf7-form-control wpcf7-email wpcf7-validates-as-required wpcf7-text wpcf7-validates-as-email\" aria-required=\"true\" aria-invalid=\"false\" value=\"\" type=\"email\" name=\"email\" \/><\/span> <\/label>\n<\/p>\n<p><label> Telefon (*)<br \/>\n<span class=\"wpcf7-form-control-wrap\" data-name=\"telefon\"><input size=\"40\" maxlength=\"400\" class=\"wpcf7-form-control wpcf7-tel wpcf7-validates-as-required wpcf7-text wpcf7-validates-as-tel\" aria-required=\"true\" aria-invalid=\"false\" value=\"\" type=\"tel\" name=\"telefon\" \/><\/span> <\/label>\n<\/p>\n<p><label> Datum (*)<br \/>\n<span class=\"wpcf7-form-control-wrap\" data-name=\"datum\"><input class=\"wpcf7-form-control wpcf7-date wpcf7-validates-as-required wpcf7-validates-as-date\" aria-required=\"true\" aria-invalid=\"false\" value=\"\" type=\"date\" name=\"datum\" \/><\/span> <\/label>\n<\/p>\n<p><label> Kommunikations<br \/>\n<span class=\"wpcf7-form-control-wrap\" data-name=\"kommunikations\"><textarea cols=\"40\" rows=\"10\" maxlength=\"2000\" class=\"wpcf7-form-control wpcf7-textarea\" aria-invalid=\"false\" name=\"kommunikations\"><\/textarea><\/span> <\/label>\n<\/p>\n\n<p><input class=\"wpcf7-form-control wpcf7-submit has-spinner\" type=\"submit\" value=\"Senden\" \/>\n<\/p><div class=\"wpcf7-response-output\" aria-hidden=\"true\"><\/div>\n<\/form>\n<\/div>\n\n","protected":false},"excerpt":{"rendered":"<p>Sie m\u00f6chten die Mission unseres Vereins unterst\u00fctzen und daran teilnehmen. Wir w\u00fcrden uns freuen, Sie als Mitglied begr\u00fc\u00dfen zu d\u00fcrfen. Registrieren Sie sich mit dem folgenden Formular.&hellip; <a class=\"read-more\" href=\"https:\/\/www.banc-public.ch\/de\/mitglied-werden-2\/\">Read More<\/a><\/p>\n","protected":false},"author":1,"featured_media":0,"parent":0,"menu_order":0,"comment_status":"closed","ping_status":"closed","template":"","meta":{"_acf_changed":false,"_monsterinsights_skip_tracking":false,"_monsterinsights_sitenote_active":false,"_monsterinsights_sitenote_note":"","_monsterinsights_sitenote_category":0,"footnotes":""},"class_list":["post-305","page","type-page","status-publish","hentry"],"acf":[],"yoast_head":"<!-- This site is optimized with the Yoast SEO plugin v27.3 - https:\/\/yoast.com\/product\/yoast-seo-wordpress\/ -->\n<title>Mitglied werden - Banc Public<\/title>\n<meta name=\"robots\" content=\"index, follow, max-snippet:-1, max-image-preview:large, max-video-preview:-1\" \/>\n<link rel=\"canonical\" href=\"https:\/\/www.banc-public.ch\/de\/mitglied-werden-2\/\" \/>\n<meta property=\"og:locale\" content=\"de_DE\" \/>\n<meta property=\"og:type\" content=\"article\" \/>\n<meta property=\"og:title\" content=\"Mitglied werden - Banc Public\" \/>\n<meta property=\"og:description\" content=\"Sie m\u00f6chten die Mission unseres Vereins unterst\u00fctzen und daran teilnehmen. Wir w\u00fcrden uns freuen, Sie als Mitglied begr\u00fc\u00dfen zu d\u00fcrfen. Registrieren Sie sich mit dem folgenden Formular.&hellip; Read More\" \/>\n<meta property=\"og:url\" content=\"https:\/\/www.banc-public.ch\/de\/mitglied-werden-2\/\" \/>\n<meta property=\"og:site_name\" content=\"Banc Public\" \/>\n<meta property=\"article:modified_time\" content=\"2019-11-20T14:10:21+00:00\" \/>\n<meta name=\"twitter:card\" content=\"summary_large_image\" \/>\n<script type=\"application\/ld+json\" class=\"yoast-schema-graph\">{\"@context\":\"https:\\\/\\\/schema.org\",\"@graph\":[{\"@type\":\"WebPage\",\"@id\":\"https:\\\/\\\/www.banc-public.ch\\\/de\\\/mitglied-werden-2\\\/\",\"url\":\"https:\\\/\\\/www.banc-public.ch\\\/de\\\/mitglied-werden-2\\\/\",\"name\":\"Mitglied werden - Banc Public\",\"isPartOf\":{\"@id\":\"https:\\\/\\\/www.banc-public.ch\\\/de\\\/#website\"},\"datePublished\":\"2017-04-11T12:27:55+00:00\",\"dateModified\":\"2019-11-20T14:10:21+00:00\",\"breadcrumb\":{\"@id\":\"https:\\\/\\\/www.banc-public.ch\\\/de\\\/mitglied-werden-2\\\/#breadcrumb\"},\"inLanguage\":\"de\",\"potentialAction\":[{\"@type\":\"ReadAction\",\"target\":[\"https:\\\/\\\/www.banc-public.ch\\\/de\\\/mitglied-werden-2\\\/\"]}]},{\"@type\":\"BreadcrumbList\",\"@id\":\"https:\\\/\\\/www.banc-public.ch\\\/de\\\/mitglied-werden-2\\\/#breadcrumb\",\"itemListElement\":[{\"@type\":\"ListItem\",\"position\":1,\"name\":\"Accueil\",\"item\":\"https:\\\/\\\/www.banc-public.ch\\\/de\\\/willkommen\\\/\"},{\"@type\":\"ListItem\",\"position\":2,\"name\":\"Mitglied werden\"}]},{\"@type\":\"WebSite\",\"@id\":\"https:\\\/\\\/www.banc-public.ch\\\/de\\\/#website\",\"url\":\"https:\\\/\\\/www.banc-public.ch\\\/de\\\/\",\"name\":\"Banc Public\",\"description\":\"Accueil de jour - Tageszentrum\",\"potentialAction\":[{\"@type\":\"SearchAction\",\"target\":{\"@type\":\"EntryPoint\",\"urlTemplate\":\"https:\\\/\\\/www.banc-public.ch\\\/de\\\/?s={search_term_string}\"},\"query-input\":{\"@type\":\"PropertyValueSpecification\",\"valueRequired\":true,\"valueName\":\"search_term_string\"}}],\"inLanguage\":\"de\"}]}<\/script>\n<!-- \/ Yoast SEO plugin. -->","yoast_head_json":{"title":"Mitglied werden - Banc Public","robots":{"index":"index","follow":"follow","max-snippet":"max-snippet:-1","max-image-preview":"max-image-preview:large","max-video-preview":"max-video-preview:-1"},"canonical":"https:\/\/www.banc-public.ch\/de\/mitglied-werden-2\/","og_locale":"de_DE","og_type":"article","og_title":"Mitglied werden - Banc Public","og_description":"Sie m\u00f6chten die Mission unseres Vereins unterst\u00fctzen und daran teilnehmen. Wir w\u00fcrden uns freuen, Sie als Mitglied begr\u00fc\u00dfen zu d\u00fcrfen. Registrieren Sie sich mit dem folgenden Formular.&hellip; Read More","og_url":"https:\/\/www.banc-public.ch\/de\/mitglied-werden-2\/","og_site_name":"Banc Public","article_modified_time":"2019-11-20T14:10:21+00:00","twitter_card":"summary_large_image","schema":{"@context":"https:\/\/schema.org","@graph":[{"@type":"WebPage","@id":"https:\/\/www.banc-public.ch\/de\/mitglied-werden-2\/","url":"https:\/\/www.banc-public.ch\/de\/mitglied-werden-2\/","name":"Mitglied werden - Banc Public","isPartOf":{"@id":"https:\/\/www.banc-public.ch\/de\/#website"},"datePublished":"2017-04-11T12:27:55+00:00","dateModified":"2019-11-20T14:10:21+00:00","breadcrumb":{"@id":"https:\/\/www.banc-public.ch\/de\/mitglied-werden-2\/#breadcrumb"},"inLanguage":"de","potentialAction":[{"@type":"ReadAction","target":["https:\/\/www.banc-public.ch\/de\/mitglied-werden-2\/"]}]},{"@type":"BreadcrumbList","@id":"https:\/\/www.banc-public.ch\/de\/mitglied-werden-2\/#breadcrumb","itemListElement":[{"@type":"ListItem","position":1,"name":"Accueil","item":"https:\/\/www.banc-public.ch\/de\/willkommen\/"},{"@type":"ListItem","position":2,"name":"Mitglied werden"}]},{"@type":"WebSite","@id":"https:\/\/www.banc-public.ch\/de\/#website","url":"https:\/\/www.banc-public.ch\/de\/","name":"Banc Public","description":"Accueil de jour - Tageszentrum","potentialAction":[{"@type":"SearchAction","target":{"@type":"EntryPoint","urlTemplate":"https:\/\/www.banc-public.ch\/de\/?s={search_term_string}"},"query-input":{"@type":"PropertyValueSpecification","valueRequired":true,"valueName":"search_term_string"}}],"inLanguage":"de"}]}},"_links":{"self":[{"href":"https:\/\/www.banc-public.ch\/de\/wp-json\/wp\/v2\/pages\/305","targetHints":{"allow":["GET"]}}],"collection":[{"href":"https:\/\/www.banc-public.ch\/de\/wp-json\/wp\/v2\/pages"}],"about":[{"href":"https:\/\/www.banc-public.ch\/de\/wp-json\/wp\/v2\/types\/page"}],"author":[{"embeddable":true,"href":"https:\/\/www.banc-public.ch\/de\/wp-json\/wp\/v2\/users\/1"}],"replies":[{"embeddable":true,"href":"https:\/\/www.banc-public.ch\/de\/wp-json\/wp\/v2\/comments?post=305"}],"version-history":[{"count":0,"href":"https:\/\/www.banc-public.ch\/de\/wp-json\/wp\/v2\/pages\/305\/revisions"}],"wp:attachment":[{"href":"https:\/\/www.banc-public.ch\/de\/wp-json\/wp\/v2\/media?parent=305"}],"curies":[{"name":"wp","href":"https:\/\/api.w.org\/{rel}","templated":true}]}}