{"id":75,"date":"2017-04-05T11:35:39","date_gmt":"2017-04-05T09:35:39","guid":{"rendered":"https:\/\/www.banc-public.ch\/banc-public-2017\/?page_id=75&#038;lang=de"},"modified":"2025-09-30T10:53:40","modified_gmt":"2025-09-30T08:53:40","slug":"willkommen","status":"publish","type":"page","link":"https:\/\/www.banc-public.ch\/de\/","title":{"rendered":"Willkommen"},"content":{"rendered":"\n<p>Banc Public ist ein Ort der Aufnahme, der Begegnung und der Information mit Ziel den elementaren Bed\u00fcrfnissen nachzukommen und soziale Bande zu Kn\u00fcpfen. Alle die tags\u00fcber, gelegentlich oder f\u00fcr l\u00e4ngere Zeit eine gesch\u00fctzte und famili\u00e4re Umgebung w\u00fcnschen sind willkommen. Banc Public bringt Unterst\u00fctzung durch Zuh\u00f6ren und gemeinsames Suchen von L\u00f6sungen. Offen und zug\u00e4nglich f\u00fcr alle ohne Vorbehalt.<\/p>\n\n\n\n<div style=\"height:30px\" aria-hidden=\"true\" class=\"wp-block-spacer\"><\/div>\n\n\n\n<div class=\"wp-block-cover is-light wp-duotone-blue-red\" style=\"min-height:220px;aspect-ratio:unset;\"><img loading=\"lazy\" decoding=\"async\" width=\"1024\" height=\"695\" class=\"wp-block-cover__image-background wp-image-1253 size-large\" alt=\"lieu-ouver-web\" src=\"https:\/\/www.banc-public.ch\/wp-content\/uploads\/2017\/05\/lieu-ouver-web-1024x695.jpg\" data-object-fit=\"cover\" srcset=\"https:\/\/www.banc-public.ch\/wp-content\/uploads\/2017\/05\/lieu-ouver-web-1024x695.jpg 1024w, https:\/\/www.banc-public.ch\/wp-content\/uploads\/2017\/05\/lieu-ouver-web-300x204.jpg 300w, https:\/\/www.banc-public.ch\/wp-content\/uploads\/2017\/05\/lieu-ouver-web-768x521.jpg 768w, https:\/\/www.banc-public.ch\/wp-content\/uploads\/2017\/05\/lieu-ouver-web.jpg 2000w\" sizes=\"auto, (max-width: 1024px) 100vw, 1024px\" \/><span aria-hidden=\"true\" class=\"wp-block-cover__background has-background-dim\" style=\"background-color:#7d827c\"><\/span><div class=\"wp-block-cover__inner-container is-layout-constrained wp-block-cover-is-layout-constrained\">\n<p class=\"has-text-align-center has-large-font-size\"><strong><span style=\"color: #ffffff;\">Ein Ort offen f\u00fcr Alle <\/span><\/strong><br \/><strong><span style=\"color: #ffffff;\">T\u00e4glich 7\/7<\/span><\/strong><\/p>\n<\/div><\/div>\n\n\n\n<div style=\"height:30px\" aria-hidden=\"true\" class=\"wp-block-spacer\"><\/div>\n\n\n\n<div class=\"wp-block-cover is-light wp-duotone-midnight\" style=\"min-height:220px;aspect-ratio:unset;\"><img loading=\"lazy\" decoding=\"async\" width=\"1024\" height=\"732\" class=\"wp-block-cover__image-background wp-image-1249 size-large\" alt=\"repas-web\" src=\"https:\/\/www.banc-public.ch\/wp-content\/uploads\/2017\/05\/repas-web-1024x732.jpg\" data-object-fit=\"cover\" srcset=\"https:\/\/www.banc-public.ch\/wp-content\/uploads\/2017\/05\/repas-web-1024x732.jpg 1024w, https:\/\/www.banc-public.ch\/wp-content\/uploads\/2017\/05\/repas-web-300x214.jpg 300w, https:\/\/www.banc-public.ch\/wp-content\/uploads\/2017\/05\/repas-web-768x549.jpg 768w, https:\/\/www.banc-public.ch\/wp-content\/uploads\/2017\/05\/repas-web.jpg 2000w\" sizes=\"auto, (max-width: 1024px) 100vw, 1024px\" \/><span aria-hidden=\"true\" class=\"wp-block-cover__background has-background-dim\" style=\"background-color:#a7a798\"><\/span><div class=\"wp-block-cover__inner-container is-layout-constrained wp-block-cover-is-layout-constrained\">\n<p class=\"has-text-align-center has-large-font-size\"><span style=\"color: #ffffff;\"><b>Mittagessen: 5.-<br \/>Getr\u00e4nke: Gratis<\/b><\/span><\/p>\n<\/div><\/div>\n\n\n\n<div style=\"height:30px\" aria-hidden=\"true\" class=\"wp-block-spacer\"><\/div>\n\n\n\n<div class=\"wp-block-cover is-light wp-duotone-blue-orange\" style=\"min-height:220px;aspect-ratio:unset;\"><img loading=\"lazy\" decoding=\"async\" width=\"1024\" height=\"732\" class=\"wp-block-cover__image-background wp-image-1210 size-large\" alt=\"contacts-web\" src=\"https:\/\/www.banc-public.ch\/wp-content\/uploads\/2017\/04\/contacts-web-1-1024x732.jpg\" data-object-fit=\"cover\" srcset=\"https:\/\/www.banc-public.ch\/wp-content\/uploads\/2017\/04\/contacts-web-1-1024x732.jpg 1024w, https:\/\/www.banc-public.ch\/wp-content\/uploads\/2017\/04\/contacts-web-1-300x214.jpg 300w, https:\/\/www.banc-public.ch\/wp-content\/uploads\/2017\/04\/contacts-web-1-768x549.jpg 768w, https:\/\/www.banc-public.ch\/wp-content\/uploads\/2017\/04\/contacts-web-1.jpg 2000w\" sizes=\"auto, (max-width: 1024px) 100vw, 1024px\" \/><span aria-hidden=\"true\" class=\"wp-block-cover__background has-background-dim\" style=\"background-color:#8c8f94\"><\/span><div class=\"wp-block-cover__inner-container is-layout-constrained wp-block-cover-is-layout-constrained\">\n<p class=\"has-text-align-center has-large-font-size\"><span style=\"color: #ffffff;\"><b>Beratung und administrative Hilfe<br \/>Computer zur Verf\u00fcgung<\/b><\/span><\/p>\n<\/div><\/div>\n\n\n\n<div style=\"height:30px\" aria-hidden=\"true\" class=\"wp-block-spacer\"><\/div>\n\n\n\n<div class=\"wp-block-cover is-light wp-duotone-000000-9b51e0-1\" style=\"min-height:220px;aspect-ratio:unset;\"><img loading=\"lazy\" decoding=\"async\" width=\"1024\" height=\"732\" class=\"wp-block-cover__image-background wp-image-1230 size-large\" alt=\"autres-prestations-web\" src=\"https:\/\/www.banc-public.ch\/wp-content\/uploads\/2017\/04\/autres-prestations-web-1024x732.jpg\" data-object-fit=\"cover\" srcset=\"https:\/\/www.banc-public.ch\/wp-content\/uploads\/2017\/04\/autres-prestations-web-1024x732.jpg 1024w, https:\/\/www.banc-public.ch\/wp-content\/uploads\/2017\/04\/autres-prestations-web-300x214.jpg 300w, https:\/\/www.banc-public.ch\/wp-content\/uploads\/2017\/04\/autres-prestations-web-768x549.jpg 768w, https:\/\/www.banc-public.ch\/wp-content\/uploads\/2017\/04\/autres-prestations-web.jpg 2000w\" sizes=\"auto, (max-width: 1024px) 100vw, 1024px\" \/><span aria-hidden=\"true\" class=\"wp-block-cover__background has-background-dim\" style=\"background-color:#a7998d\"><\/span><div class=\"wp-block-cover__inner-container is-layout-constrained wp-block-cover-is-layout-constrained\">\n<p class=\"has-text-align-center has-large-font-size\"><span style=\"color: #ffffff;\"><b>Dusche und Artikel f\u00fcr die K\u00f6rperpflege: Gratis<br \/>W\u00e4sche: 3.-<\/b><\/span><\/p>\n<\/div><\/div>\n","protected":false},"excerpt":{"rendered":"<p>Banc Public ist ein Ort der Aufnahme, der Begegnung und der Information mit Ziel den elementaren Bed\u00fcrfnissen nachzukommen und soziale Bande zu Kn\u00fcpfen. Alle die tags\u00fcber, gelegentlich oder f\u00fcr l\u00e4ngere Zeit eine gesch\u00fctzte und famili\u00e4re Umgebung w\u00fcnschen sind willkommen. Banc Public bringt Unterst\u00fctzung durch Zuh\u00f6ren und gemeinsames Suchen von L\u00f6sungen. Offen und zug\u00e4nglich f\u00fcr alle&hellip; <a class=\"read-more\" href=\"https:\/\/www.banc-public.ch\/de\/\">Read More<\/a><\/p>\n","protected":false},"author":1,"featured_media":0,"parent":0,"menu_order":19,"comment_status":"closed","ping_status":"closed","template":"","meta":{"_acf_changed":false,"_monsterinsights_skip_tracking":false,"_monsterinsights_sitenote_active":false,"_monsterinsights_sitenote_note":"","_monsterinsights_sitenote_category":0,"footnotes":""},"class_list":["post-75","page","type-page","status-publish","hentry"],"acf":[],"yoast_head":"<!-- This site is optimized with the Yoast SEO plugin v27.5 - https:\/\/yoast.com\/product\/yoast-seo-wordpress\/ -->\n<title>Willkommen - Banc Public<\/title>\n<meta name=\"robots\" content=\"index, follow, max-snippet:-1, max-image-preview:large, max-video-preview:-1\" \/>\n<link rel=\"canonical\" href=\"https:\/\/www.banc-public.ch\/de\/\" \/>\n<meta property=\"og:locale\" content=\"de_DE\" \/>\n<meta property=\"og:type\" content=\"article\" \/>\n<meta property=\"og:title\" content=\"Willkommen - Banc Public\" \/>\n<meta property=\"og:description\" content=\"Banc Public ist ein Ort der Aufnahme, der Begegnung und der Information mit Ziel den elementaren Bed\u00fcrfnissen nachzukommen und soziale Bande zu Kn\u00fcpfen. Alle die tags\u00fcber, gelegentlich oder f\u00fcr l\u00e4ngere Zeit eine gesch\u00fctzte und famili\u00e4re Umgebung w\u00fcnschen sind willkommen. Banc Public bringt Unterst\u00fctzung durch Zuh\u00f6ren und gemeinsames Suchen von L\u00f6sungen. Offen und zug\u00e4nglich f\u00fcr alle&hellip; Read More\" \/>\n<meta property=\"og:url\" content=\"https:\/\/www.banc-public.ch\/de\/\" \/>\n<meta property=\"og:site_name\" content=\"Banc Public\" \/>\n<meta property=\"article:modified_time\" content=\"2025-09-30T08:53:40+00:00\" \/>\n<meta property=\"og:image\" content=\"https:\/\/www.banc-public.ch\/wp-content\/uploads\/2017\/05\/lieu-ouver-web.jpg\" \/>\n\t<meta property=\"og:image:width\" content=\"2000\" \/>\n\t<meta property=\"og:image:height\" content=\"1357\" \/>\n\t<meta property=\"og:image:type\" content=\"image\/jpeg\" \/>\n<meta name=\"twitter:card\" content=\"summary_large_image\" \/>\n<meta name=\"twitter:label1\" content=\"Gesch\u00e4tzte Lesezeit\" \/>\n\t<meta name=\"twitter:data1\" content=\"2\u00a0Minuten\" \/>\n<script type=\"application\/ld+json\" class=\"yoast-schema-graph\">{\"@context\":\"https:\\\/\\\/schema.org\",\"@graph\":[{\"@type\":\"WebPage\",\"@id\":\"https:\\\/\\\/www.banc-public.ch\\\/de\\\/\",\"url\":\"https:\\\/\\\/www.banc-public.ch\\\/de\\\/\",\"name\":\"Willkommen - Banc Public\",\"isPartOf\":{\"@id\":\"https:\\\/\\\/www.banc-public.ch\\\/de\\\/#website\"},\"primaryImageOfPage\":{\"@id\":\"https:\\\/\\\/www.banc-public.ch\\\/de\\\/#primaryimage\"},\"image\":{\"@id\":\"https:\\\/\\\/www.banc-public.ch\\\/de\\\/#primaryimage\"},\"thumbnailUrl\":\"https:\\\/\\\/www.banc-public.ch\\\/wp-content\\\/uploads\\\/2017\\\/05\\\/lieu-ouver-web-1024x695.jpg\",\"datePublished\":\"2017-04-05T09:35:39+00:00\",\"dateModified\":\"2025-09-30T08:53:40+00:00\",\"breadcrumb\":{\"@id\":\"https:\\\/\\\/www.banc-public.ch\\\/de\\\/#breadcrumb\"},\"inLanguage\":\"de\",\"potentialAction\":[{\"@type\":\"ReadAction\",\"target\":[\"https:\\\/\\\/www.banc-public.ch\\\/de\\\/\"]}]},{\"@type\":\"ImageObject\",\"inLanguage\":\"de\",\"@id\":\"https:\\\/\\\/www.banc-public.ch\\\/de\\\/#primaryimage\",\"url\":\"https:\\\/\\\/www.banc-public.ch\\\/wp-content\\\/uploads\\\/2017\\\/05\\\/lieu-ouver-web-1024x695.jpg\",\"contentUrl\":\"https:\\\/\\\/www.banc-public.ch\\\/wp-content\\\/uploads\\\/2017\\\/05\\\/lieu-ouver-web-1024x695.jpg\"},{\"@type\":\"BreadcrumbList\",\"@id\":\"https:\\\/\\\/www.banc-public.ch\\\/de\\\/#breadcrumb\",\"itemListElement\":[{\"@type\":\"ListItem\",\"position\":1,\"name\":\"Accueil\",\"item\":\"https:\\\/\\\/www.banc-public.ch\\\/de\\\/willkommen\\\/\"},{\"@type\":\"ListItem\",\"position\":2,\"name\":\"Willkommen\"}]},{\"@type\":\"WebSite\",\"@id\":\"https:\\\/\\\/www.banc-public.ch\\\/de\\\/#website\",\"url\":\"https:\\\/\\\/www.banc-public.ch\\\/de\\\/\",\"name\":\"Banc Public\",\"description\":\"Accueil de jour - Tageszentrum\",\"potentialAction\":[{\"@type\":\"SearchAction\",\"target\":{\"@type\":\"EntryPoint\",\"urlTemplate\":\"https:\\\/\\\/www.banc-public.ch\\\/de\\\/?s={search_term_string}\"},\"query-input\":{\"@type\":\"PropertyValueSpecification\",\"valueRequired\":true,\"valueName\":\"search_term_string\"}}],\"inLanguage\":\"de\"}]}<\/script>\n<!-- \/ Yoast SEO plugin. -->","yoast_head_json":{"title":"Willkommen - Banc Public","robots":{"index":"index","follow":"follow","max-snippet":"max-snippet:-1","max-image-preview":"max-image-preview:large","max-video-preview":"max-video-preview:-1"},"canonical":"https:\/\/www.banc-public.ch\/de\/","og_locale":"de_DE","og_type":"article","og_title":"Willkommen - Banc Public","og_description":"Banc Public ist ein Ort der Aufnahme, der Begegnung und der Information mit Ziel den elementaren Bed\u00fcrfnissen nachzukommen und soziale Bande zu Kn\u00fcpfen. Alle die tags\u00fcber, gelegentlich oder f\u00fcr l\u00e4ngere Zeit eine gesch\u00fctzte und famili\u00e4re Umgebung w\u00fcnschen sind willkommen. Banc Public bringt Unterst\u00fctzung durch Zuh\u00f6ren und gemeinsames Suchen von L\u00f6sungen. Offen und zug\u00e4nglich f\u00fcr alle&hellip; Read More","og_url":"https:\/\/www.banc-public.ch\/de\/","og_site_name":"Banc Public","article_modified_time":"2025-09-30T08:53:40+00:00","og_image":[{"width":2000,"height":1357,"url":"https:\/\/www.banc-public.ch\/wp-content\/uploads\/2017\/05\/lieu-ouver-web.jpg","type":"image\/jpeg"}],"twitter_card":"summary_large_image","twitter_misc":{"Gesch\u00e4tzte Lesezeit":"2\u00a0Minuten"},"schema":{"@context":"https:\/\/schema.org","@graph":[{"@type":"WebPage","@id":"https:\/\/www.banc-public.ch\/de\/","url":"https:\/\/www.banc-public.ch\/de\/","name":"Willkommen - Banc Public","isPartOf":{"@id":"https:\/\/www.banc-public.ch\/de\/#website"},"primaryImageOfPage":{"@id":"https:\/\/www.banc-public.ch\/de\/#primaryimage"},"image":{"@id":"https:\/\/www.banc-public.ch\/de\/#primaryimage"},"thumbnailUrl":"https:\/\/www.banc-public.ch\/wp-content\/uploads\/2017\/05\/lieu-ouver-web-1024x695.jpg","datePublished":"2017-04-05T09:35:39+00:00","dateModified":"2025-09-30T08:53:40+00:00","breadcrumb":{"@id":"https:\/\/www.banc-public.ch\/de\/#breadcrumb"},"inLanguage":"de","potentialAction":[{"@type":"ReadAction","target":["https:\/\/www.banc-public.ch\/de\/"]}]},{"@type":"ImageObject","inLanguage":"de","@id":"https:\/\/www.banc-public.ch\/de\/#primaryimage","url":"https:\/\/www.banc-public.ch\/wp-content\/uploads\/2017\/05\/lieu-ouver-web-1024x695.jpg","contentUrl":"https:\/\/www.banc-public.ch\/wp-content\/uploads\/2017\/05\/lieu-ouver-web-1024x695.jpg"},{"@type":"BreadcrumbList","@id":"https:\/\/www.banc-public.ch\/de\/#breadcrumb","itemListElement":[{"@type":"ListItem","position":1,"name":"Accueil","item":"https:\/\/www.banc-public.ch\/de\/willkommen\/"},{"@type":"ListItem","position":2,"name":"Willkommen"}]},{"@type":"WebSite","@id":"https:\/\/www.banc-public.ch\/de\/#website","url":"https:\/\/www.banc-public.ch\/de\/","name":"Banc Public","description":"Accueil de jour - Tageszentrum","potentialAction":[{"@type":"SearchAction","target":{"@type":"EntryPoint","urlTemplate":"https:\/\/www.banc-public.ch\/de\/?s={search_term_string}"},"query-input":{"@type":"PropertyValueSpecification","valueRequired":true,"valueName":"search_term_string"}}],"inLanguage":"de"}]}},"_links":{"self":[{"href":"https:\/\/www.banc-public.ch\/de\/wp-json\/wp\/v2\/pages\/75","targetHints":{"allow":["GET"]}}],"collection":[{"href":"https:\/\/www.banc-public.ch\/de\/wp-json\/wp\/v2\/pages"}],"about":[{"href":"https:\/\/www.banc-public.ch\/de\/wp-json\/wp\/v2\/types\/page"}],"author":[{"embeddable":true,"href":"https:\/\/www.banc-public.ch\/de\/wp-json\/wp\/v2\/users\/1"}],"replies":[{"embeddable":true,"href":"https:\/\/www.banc-public.ch\/de\/wp-json\/wp\/v2\/comments?post=75"}],"version-history":[{"count":2,"href":"https:\/\/www.banc-public.ch\/de\/wp-json\/wp\/v2\/pages\/75\/revisions"}],"predecessor-version":[{"id":3522,"href":"https:\/\/www.banc-public.ch\/de\/wp-json\/wp\/v2\/pages\/75\/revisions\/3522"}],"wp:attachment":[{"href":"https:\/\/www.banc-public.ch\/de\/wp-json\/wp\/v2\/media?parent=75"}],"curies":[{"name":"wp","href":"https:\/\/api.w.org\/{rel}","templated":true}]}}