{"id":77,"date":"2017-04-05T11:38:01","date_gmt":"2017-04-05T09:38:01","guid":{"rendered":"https:\/\/www.banc-public.ch\/banc-public-2017\/?page_id=77&#038;lang=de"},"modified":"2026-04-07T14:11:42","modified_gmt":"2026-04-07T12:11:42","slug":"ein-ort-offen-fuer-alle","status":"publish","type":"page","link":"https:\/\/www.banc-public.ch\/de\/ein-ort-offen-fuer-alle\/","title":{"rendered":"Ein Ort, offen f\u00fcr alle"},"content":{"rendered":"<p>Banc Public ist offen f\u00fcr alle und richtet sich an Menschen in finanziellen und\/oder sozialen Schwierigkeiten. Das Tageszentrum kann ohne besondere Bedingungen besucht werden. Es ist nicht notwendig, die Gr\u00fcnde des Besuchs offenzulegen.<\/p>\n<p>Zwischenmenschlichkeit, Respekt, Diskretion und Vorurteilslosigkeit sind Leitmotive des Banc Public. Die Institution bietet :<\/p>\n<ul>\n<li>einen Begegnungsraum und t\u00e4glich ein Mittagessen,<\/li>\n<li>in einer freundlichen Umgebung soziale Kontakte pflegen zu k\u00f6nnen,<\/li>\n<li>die M\u00f6glichkeit, zu sich selbst Sorge zu tragen,<\/li>\n<li>Zugang zu Informationen, administrativer Hilfe und sonstigen Ratschl\u00e4gen,<\/li>\n<li>die M\u00f6glichkeit, sich an verschiedenen Aufgaben des Zentrums zu beteiligen.<\/li>\n<\/ul>\n<p>Das Tageszentrum ist an allen Tagen des Jahres ge\u00f6ffnet :<\/p>\n<p><img loading=\"lazy\" decoding=\"async\" class=\"alignnone wp-image-718\" src=\"https:\/\/www.banc-public.ch\/banc-public-2017\/wp-content\/uploads\/2017\/10\/Banc-Public_pictos_2017_Ete-300x300.png\" alt=\"\" width=\"76\" height=\"76\" srcset=\"https:\/\/www.banc-public.ch\/wp-content\/uploads\/2017\/10\/Banc-Public_pictos_2017_Ete-300x300.png 300w, https:\/\/www.banc-public.ch\/wp-content\/uploads\/2017\/10\/Banc-Public_pictos_2017_Ete-150x150.png 150w, https:\/\/www.banc-public.ch\/wp-content\/uploads\/2017\/10\/Banc-Public_pictos_2017_Ete.png 473w\" sizes=\"auto, (max-width: 76px) 100vw, 76px\" \/>April bis Oktober : 8:30 bis 14:00<\/p>\n<p><img loading=\"lazy\" decoding=\"async\" class=\"alignnone wp-image-719\" src=\"https:\/\/www.banc-public.ch\/banc-public-2017\/wp-content\/uploads\/2017\/10\/Banc-Public_pictos_2017_Hiver-300x300.png\" alt=\"\" width=\"76\" height=\"76\" srcset=\"https:\/\/www.banc-public.ch\/wp-content\/uploads\/2017\/10\/Banc-Public_pictos_2017_Hiver-300x300.png 300w, https:\/\/www.banc-public.ch\/wp-content\/uploads\/2017\/10\/Banc-Public_pictos_2017_Hiver-150x150.png 150w, https:\/\/www.banc-public.ch\/wp-content\/uploads\/2017\/10\/Banc-Public_pictos_2017_Hiver.png 473w\" sizes=\"auto, (max-width: 76px) 100vw, 76px\" \/>November bis M\u00e4rz : 8:30 bis 18:00<\/p>\n<p><em>F\u00fcr Personen mit eingeschr\u00e4nkter Mobilit\u00e4t und f\u00fcr Minderj\u00e4hrige ohne Begleitung einer erwachsenen Person ist das Zentrum nicht zug\u00e4nglich.<\/em><\/p>\n","protected":false},"excerpt":{"rendered":"<p>Banc Public ist offen f\u00fcr alle und richtet sich an Menschen in finanziellen und\/oder sozialen Schwierigkeiten. Das Tageszentrum kann ohne besondere Bedingungen besucht werden. Es ist nicht notwendig, die Gr\u00fcnde des Besuchs offenzulegen. Zwischenmenschlichkeit, Respekt, Diskretion und Vorurteilslosigkeit sind Leitmotive des Banc Public. Die Institution bietet : einen Begegnungsraum und t\u00e4glich ein Mittagessen, in einer&hellip; <a class=\"read-more\" href=\"https:\/\/www.banc-public.ch\/de\/ein-ort-offen-fuer-alle\/\">Read More<\/a><\/p>\n","protected":false},"author":1,"featured_media":0,"parent":0,"menu_order":18,"comment_status":"closed","ping_status":"closed","template":"","meta":{"_acf_changed":false,"_monsterinsights_skip_tracking":false,"_monsterinsights_sitenote_active":false,"_monsterinsights_sitenote_note":"","_monsterinsights_sitenote_category":0,"footnotes":""},"class_list":["post-77","page","type-page","status-publish","hentry"],"acf":[],"yoast_head":"<!-- This site is optimized with the Yoast SEO plugin v27.3 - https:\/\/yoast.com\/product\/yoast-seo-wordpress\/ -->\n<title>Ein Ort, offen f\u00fcr alle - Banc Public<\/title>\n<meta name=\"robots\" content=\"index, follow, max-snippet:-1, max-image-preview:large, max-video-preview:-1\" \/>\n<link rel=\"canonical\" href=\"https:\/\/www.banc-public.ch\/de\/ein-ort-offen-fuer-alle\/\" \/>\n<meta property=\"og:locale\" content=\"de_DE\" \/>\n<meta property=\"og:type\" content=\"article\" \/>\n<meta property=\"og:title\" content=\"Ein Ort, offen f\u00fcr alle - Banc Public\" \/>\n<meta property=\"og:description\" content=\"Banc Public ist offen f\u00fcr alle und richtet sich an Menschen in finanziellen und\/oder sozialen Schwierigkeiten. Das Tageszentrum kann ohne besondere Bedingungen besucht werden. Es ist nicht notwendig, die Gr\u00fcnde des Besuchs offenzulegen. Zwischenmenschlichkeit, Respekt, Diskretion und Vorurteilslosigkeit sind Leitmotive des Banc Public. Die Institution bietet : einen Begegnungsraum und t\u00e4glich ein Mittagessen, in einer&hellip; Read More\" \/>\n<meta property=\"og:url\" content=\"https:\/\/www.banc-public.ch\/de\/ein-ort-offen-fuer-alle\/\" \/>\n<meta property=\"og:site_name\" content=\"Banc Public\" \/>\n<meta property=\"article:modified_time\" content=\"2026-04-07T12:11:42+00:00\" \/>\n<meta property=\"og:image\" content=\"https:\/\/www.banc-public.ch\/wp-content\/uploads\/2017\/10\/Banc-Public_pictos_2017_Ete.png\" \/>\n\t<meta property=\"og:image:width\" content=\"473\" \/>\n\t<meta property=\"og:image:height\" content=\"474\" \/>\n\t<meta property=\"og:image:type\" content=\"image\/png\" \/>\n<meta name=\"twitter:card\" content=\"summary_large_image\" \/>\n<meta name=\"twitter:label1\" content=\"Gesch\u00e4tzte Lesezeit\" \/>\n\t<meta name=\"twitter:data1\" content=\"2\u00a0Minuten\" \/>\n<script type=\"application\/ld+json\" class=\"yoast-schema-graph\">{\"@context\":\"https:\\\/\\\/schema.org\",\"@graph\":[{\"@type\":\"WebPage\",\"@id\":\"https:\\\/\\\/www.banc-public.ch\\\/de\\\/ein-ort-offen-fuer-alle\\\/\",\"url\":\"https:\\\/\\\/www.banc-public.ch\\\/de\\\/ein-ort-offen-fuer-alle\\\/\",\"name\":\"Ein Ort, offen f\u00fcr alle - Banc Public\",\"isPartOf\":{\"@id\":\"https:\\\/\\\/www.banc-public.ch\\\/de\\\/#website\"},\"primaryImageOfPage\":{\"@id\":\"https:\\\/\\\/www.banc-public.ch\\\/de\\\/ein-ort-offen-fuer-alle\\\/#primaryimage\"},\"image\":{\"@id\":\"https:\\\/\\\/www.banc-public.ch\\\/de\\\/ein-ort-offen-fuer-alle\\\/#primaryimage\"},\"thumbnailUrl\":\"https:\\\/\\\/www.banc-public.ch\\\/banc-public-2017\\\/wp-content\\\/uploads\\\/2017\\\/10\\\/Banc-Public_pictos_2017_Ete-300x300.png\",\"datePublished\":\"2017-04-05T09:38:01+00:00\",\"dateModified\":\"2026-04-07T12:11:42+00:00\",\"breadcrumb\":{\"@id\":\"https:\\\/\\\/www.banc-public.ch\\\/de\\\/ein-ort-offen-fuer-alle\\\/#breadcrumb\"},\"inLanguage\":\"de\",\"potentialAction\":[{\"@type\":\"ReadAction\",\"target\":[\"https:\\\/\\\/www.banc-public.ch\\\/de\\\/ein-ort-offen-fuer-alle\\\/\"]}]},{\"@type\":\"ImageObject\",\"inLanguage\":\"de\",\"@id\":\"https:\\\/\\\/www.banc-public.ch\\\/de\\\/ein-ort-offen-fuer-alle\\\/#primaryimage\",\"url\":\"https:\\\/\\\/www.banc-public.ch\\\/banc-public-2017\\\/wp-content\\\/uploads\\\/2017\\\/10\\\/Banc-Public_pictos_2017_Ete-300x300.png\",\"contentUrl\":\"https:\\\/\\\/www.banc-public.ch\\\/banc-public-2017\\\/wp-content\\\/uploads\\\/2017\\\/10\\\/Banc-Public_pictos_2017_Ete-300x300.png\"},{\"@type\":\"BreadcrumbList\",\"@id\":\"https:\\\/\\\/www.banc-public.ch\\\/de\\\/ein-ort-offen-fuer-alle\\\/#breadcrumb\",\"itemListElement\":[{\"@type\":\"ListItem\",\"position\":1,\"name\":\"Accueil\",\"item\":\"https:\\\/\\\/www.banc-public.ch\\\/de\\\/willkommen\\\/\"},{\"@type\":\"ListItem\",\"position\":2,\"name\":\"Ein Ort, offen f\u00fcr alle\"}]},{\"@type\":\"WebSite\",\"@id\":\"https:\\\/\\\/www.banc-public.ch\\\/de\\\/#website\",\"url\":\"https:\\\/\\\/www.banc-public.ch\\\/de\\\/\",\"name\":\"Banc Public\",\"description\":\"Accueil de jour - Tageszentrum\",\"potentialAction\":[{\"@type\":\"SearchAction\",\"target\":{\"@type\":\"EntryPoint\",\"urlTemplate\":\"https:\\\/\\\/www.banc-public.ch\\\/de\\\/?s={search_term_string}\"},\"query-input\":{\"@type\":\"PropertyValueSpecification\",\"valueRequired\":true,\"valueName\":\"search_term_string\"}}],\"inLanguage\":\"de\"}]}<\/script>\n<!-- \/ Yoast SEO plugin. -->","yoast_head_json":{"title":"Ein Ort, offen f\u00fcr alle - Banc Public","robots":{"index":"index","follow":"follow","max-snippet":"max-snippet:-1","max-image-preview":"max-image-preview:large","max-video-preview":"max-video-preview:-1"},"canonical":"https:\/\/www.banc-public.ch\/de\/ein-ort-offen-fuer-alle\/","og_locale":"de_DE","og_type":"article","og_title":"Ein Ort, offen f\u00fcr alle - Banc Public","og_description":"Banc Public ist offen f\u00fcr alle und richtet sich an Menschen in finanziellen und\/oder sozialen Schwierigkeiten. Das Tageszentrum kann ohne besondere Bedingungen besucht werden. Es ist nicht notwendig, die Gr\u00fcnde des Besuchs offenzulegen. Zwischenmenschlichkeit, Respekt, Diskretion und Vorurteilslosigkeit sind Leitmotive des Banc Public. Die Institution bietet : einen Begegnungsraum und t\u00e4glich ein Mittagessen, in einer&hellip; Read More","og_url":"https:\/\/www.banc-public.ch\/de\/ein-ort-offen-fuer-alle\/","og_site_name":"Banc Public","article_modified_time":"2026-04-07T12:11:42+00:00","og_image":[{"width":473,"height":474,"url":"https:\/\/www.banc-public.ch\/wp-content\/uploads\/2017\/10\/Banc-Public_pictos_2017_Ete.png","type":"image\/png"}],"twitter_card":"summary_large_image","twitter_misc":{"Gesch\u00e4tzte Lesezeit":"2\u00a0Minuten"},"schema":{"@context":"https:\/\/schema.org","@graph":[{"@type":"WebPage","@id":"https:\/\/www.banc-public.ch\/de\/ein-ort-offen-fuer-alle\/","url":"https:\/\/www.banc-public.ch\/de\/ein-ort-offen-fuer-alle\/","name":"Ein Ort, offen f\u00fcr alle - Banc Public","isPartOf":{"@id":"https:\/\/www.banc-public.ch\/de\/#website"},"primaryImageOfPage":{"@id":"https:\/\/www.banc-public.ch\/de\/ein-ort-offen-fuer-alle\/#primaryimage"},"image":{"@id":"https:\/\/www.banc-public.ch\/de\/ein-ort-offen-fuer-alle\/#primaryimage"},"thumbnailUrl":"https:\/\/www.banc-public.ch\/banc-public-2017\/wp-content\/uploads\/2017\/10\/Banc-Public_pictos_2017_Ete-300x300.png","datePublished":"2017-04-05T09:38:01+00:00","dateModified":"2026-04-07T12:11:42+00:00","breadcrumb":{"@id":"https:\/\/www.banc-public.ch\/de\/ein-ort-offen-fuer-alle\/#breadcrumb"},"inLanguage":"de","potentialAction":[{"@type":"ReadAction","target":["https:\/\/www.banc-public.ch\/de\/ein-ort-offen-fuer-alle\/"]}]},{"@type":"ImageObject","inLanguage":"de","@id":"https:\/\/www.banc-public.ch\/de\/ein-ort-offen-fuer-alle\/#primaryimage","url":"https:\/\/www.banc-public.ch\/banc-public-2017\/wp-content\/uploads\/2017\/10\/Banc-Public_pictos_2017_Ete-300x300.png","contentUrl":"https:\/\/www.banc-public.ch\/banc-public-2017\/wp-content\/uploads\/2017\/10\/Banc-Public_pictos_2017_Ete-300x300.png"},{"@type":"BreadcrumbList","@id":"https:\/\/www.banc-public.ch\/de\/ein-ort-offen-fuer-alle\/#breadcrumb","itemListElement":[{"@type":"ListItem","position":1,"name":"Accueil","item":"https:\/\/www.banc-public.ch\/de\/willkommen\/"},{"@type":"ListItem","position":2,"name":"Ein Ort, offen f\u00fcr alle"}]},{"@type":"WebSite","@id":"https:\/\/www.banc-public.ch\/de\/#website","url":"https:\/\/www.banc-public.ch\/de\/","name":"Banc Public","description":"Accueil de jour - Tageszentrum","potentialAction":[{"@type":"SearchAction","target":{"@type":"EntryPoint","urlTemplate":"https:\/\/www.banc-public.ch\/de\/?s={search_term_string}"},"query-input":{"@type":"PropertyValueSpecification","valueRequired":true,"valueName":"search_term_string"}}],"inLanguage":"de"}]}},"_links":{"self":[{"href":"https:\/\/www.banc-public.ch\/de\/wp-json\/wp\/v2\/pages\/77","targetHints":{"allow":["GET"]}}],"collection":[{"href":"https:\/\/www.banc-public.ch\/de\/wp-json\/wp\/v2\/pages"}],"about":[{"href":"https:\/\/www.banc-public.ch\/de\/wp-json\/wp\/v2\/types\/page"}],"author":[{"embeddable":true,"href":"https:\/\/www.banc-public.ch\/de\/wp-json\/wp\/v2\/users\/1"}],"replies":[{"embeddable":true,"href":"https:\/\/www.banc-public.ch\/de\/wp-json\/wp\/v2\/comments?post=77"}],"version-history":[{"count":2,"href":"https:\/\/www.banc-public.ch\/de\/wp-json\/wp\/v2\/pages\/77\/revisions"}],"predecessor-version":[{"id":3665,"href":"https:\/\/www.banc-public.ch\/de\/wp-json\/wp\/v2\/pages\/77\/revisions\/3665"}],"wp:attachment":[{"href":"https:\/\/www.banc-public.ch\/de\/wp-json\/wp\/v2\/media?parent=77"}],"curies":[{"name":"wp","href":"https:\/\/api.w.org\/{rel}","templated":true}]}}