{"id":93,"date":"2017-04-05T11:53:24","date_gmt":"2017-04-05T09:53:24","guid":{"rendered":"https:\/\/www.banc-public.ch\/banc-public-2017\/?page_id=93&#038;lang=de"},"modified":"2026-04-09T14:11:56","modified_gmt":"2026-04-09T12:11:56","slug":"geschichte","status":"publish","type":"page","link":"https:\/\/www.banc-public.ch\/de\/geschichte\/","title":{"rendered":"Geschichte"},"content":{"rendered":"<h3><span class=\"contentpane\">Ein Tageszentrum um einem Bed\u00fcrfnis zu entsprechen\u00a0<\/span><\/h3>\n<p><span class=\"contentpane\">Im Oktober 2002 begann das Tageszentrum seine T\u00e4tigkeit. Die Notschlafstelle la Tuile gab den Anstoss dazu. Nach schliessen der T\u00fcren am Morgen wusste man nicht wohin die obdachlosen Menschen f\u00fcr den Tag hinzuleiten. Daraus entstand eine Sudie und ein umgreifendes Projekt getragen von den verschiedenen Sozialpartnern im Kanton. Etwa zwanzig Organisationen taten sich in Partnerschaft zusammen um die Bed\u00fcrfnisse zur Schaffung eines breit zug\u00e4nglichen Tageszentrums auf kantonaler Ebene abzukl\u00e4ren und zu realisieren.<\/span><\/p>\n<p><span class=\"contentpane\">Schon 1998 zeigten die Ergebnisse einer Studie dass soziale Bed\u00fcrfnisse nicht abgedeckt sind. Aus der Untersuchung die unter dem Mandat der Caritas Fribourg durchgef\u00fchrt wurde, erwuchs der Vorschlag zur\u00a0 &#8222;Schaffung von St\u00e4tten die simultan den Forderungen zur Deckung von offenen sozialen Bed\u00fcrfnissen in einer informellen, umg\u00e4nglichen, nicht stigmatisierenden, sozialeren Art nachkommen k\u00f6nnten. Dies, ohne Spezialisierung auf eine Art von Problem oder Zielpublikum, mit flexiblen, anpassbaren Strukturen&#8220;. Zur Umsetzung dieser Gedanken wurde durch die Organisation &#8222;La Tuile&#8220; im Jahr 2000 dem Forscher Emmanuel Gonzalez der Auftrag f\u00fcr eine Studie \u00fcber Bedarf und Machbarkeit\u00a0 erteilt. Diese best\u00e4tigte den Bedarf f\u00fcr ein Tageszentrum in der Region Freiburg.<\/span><\/p>\n<p><span class=\"contentpane\">\u00a0 Eine Arbeitsgruppe beauftragte Herr Kn\u00fcsel um die verschiedenen Partner bei ihrer Suche nach L\u00f6sungen zur Schaffung eines Tageszentrums zu begleiten. Anfangs sah man bei &#8222;La Tuile&#8220; vor allem die Unterst\u00fctzung von obdachlosen Personen als Hauptaufgabe. Die Untersuchung zeigte jedoch, dass ein Tageszentrum f\u00fcr einen breiteren Bev\u00f6lkerungskreis zug\u00e4nglich sein sollte. Es galt zu unterscheiden zwischen den Aufgaben eines Tageszentrums\u00a0 un einer Notschlafstelle. Zum anderen erhalten die Personen, die beide Institutionen in Anspruch nehmen m\u00fcssen mehr Motivation um selbst\u00e4ndig zu werden. Ausgehend davon, dass noch vor dem Winter 2002 ein Tageszentrum bereit sein sollte, mussten die Vorbereitungen dazu beschleunigt werden. Aus diesem Grunde wurde \u00ab La Tuile \u00bb w\u00e4hrend der Einf\u00fchrungsphase die Verwaltung des neuen Tageszentrums beauftragt. Die Vereinigung \u00ab Banc Public\u00bb\u00a0 wurde im Februar\u00a0 2003 gegr\u00fcndet und \u00fcbernahm dann ab 1. Januar 2004 auf souver\u00e4ne Art die Verwaltung. Ein Teil der Gr\u00fcndungsmitglieder sind heute noch im Vorstand der Vereinigung t\u00e4tig. Bemerkenswert an dieser Kommission ist es, dass ihre Zusammensetzung daf\u00fcr sorgt, dass Organe die sich mit Problemen der Ausgrenzung befassen zusammengef\u00fchrt werden und miteinander arbeiten.<\/span><\/p>\n<p>*<strong>Gr\u00fcndungsmitglieder<\/strong> : <a href=\"http:\/\/www.la-tuile.ch\/\" target=\"_blank\" rel=\"noopener noreferrer\">La Tuile<\/a>, <a href=\"http:\/\/www.oseo-fr.ch\/\" target=\"_blank\" rel=\"noopener noreferrer\">l&#8217;OSEO<\/a>, <a href=\"http:\/\/www.caritas-fribourg.ch\/index.cfm\" target=\"_blank\" rel=\"noopener noreferrer\">Caritas Fribourg<\/a>, <a href=\"http:\/\/www.fr.ch\/sprob\/fr\/pub\/index.cfm\" target=\"_blank\" rel=\"noopener noreferrer\">le Service de probation<\/a>, <a href=\"http:\/\/www.corpataux-magnedens.ch\/run?iset=1299&amp;refpage=27254&amp;sansframe=tr\" target=\"_blank\" rel=\"noopener noreferrer\">le Serv.soc. du Gibloux<\/a>, <a href=\"http:\/\/www.fr.ch\/rfsm\/fr\/pub\/professionnels.htm\" target=\"_blank\" rel=\"noopener noreferrer\">le Serv.soc.de l&#8217;h\u00f4pital de Marsens<\/a>, <a href=\"http:\/\/www.paroisse-fribourg.ch\/\" target=\"_blank\" rel=\"noopener noreferrer\">la Paroisse r\u00e9form\u00e9e<\/a>, <a href=\"http:\/\/www.ville-fribourg.ch\/vfr\/fr\/pub\/officielle\/affaires_sociales\/aide_sociale.htm\" target=\"_blank\" rel=\"noopener noreferrer\">le Serv.soc.de la Ville de Fribourg<\/a>, les Soeurs hospitali\u00e8res de Ste Marthe, <a href=\"http:\/\/www.ingenbohl-fr.ch\/\" target=\"_blank\" rel=\"noopener noreferrer\">les Soeurs d&#8217;Ingenbohl<\/a>, <a href=\"http:\/\/www.tremplin.ch\/fr\/index.php\" target=\"_blank\" rel=\"noopener noreferrer\">le Tremplin<\/a>, <a href=\"http:\/\/www.emmaus-arce.ch\/fribourg_f.htm\" target=\"_blank\" rel=\"noopener noreferrer\">Emma\u00fcs.<\/a><\/p>\n<div id=\"_mcePaste\" class=\"mcePaste\" style=\"position: absolute; left: -10000px; top: 682px; width: 1px; height: 1px; overflow: hidden;\">\u00a0<\/div>\n\n\n<h3>20 Jahren von Banc Public<\/h3>\n<p>Anl\u00e4sslich des 20-j\u00e4hrigen Bestehens des Vereins erscheint 2022 die Brosch\u00fcre <em><a href=\"https:\/\/www.banc-public.ch\/wp-content\/uploads\/2026\/04\/a5_banc_public_deutsch.pdf\">Vom Traum zum Abenteuer<\/a><\/em>, verfasst von Paul Coudret, Vorstandsmitglied und Journalist.<\/p>\n<p>\u00a0<\/p>\n","protected":false},"excerpt":{"rendered":"<p>Ein Tageszentrum um einem Bed\u00fcrfnis zu entsprechen\u00a0 Im Oktober 2002 begann das Tageszentrum seine T\u00e4tigkeit. Die Notschlafstelle la Tuile gab den Anstoss dazu. Nach schliessen der T\u00fcren am Morgen wusste man nicht wohin die obdachlosen Menschen f\u00fcr den Tag hinzuleiten. Daraus entstand eine Sudie und ein umgreifendes Projekt getragen von den verschiedenen Sozialpartnern im Kanton.&hellip; <a class=\"read-more\" href=\"https:\/\/www.banc-public.ch\/de\/geschichte\/\">Read More<\/a><\/p>\n","protected":false},"author":1,"featured_media":0,"parent":0,"menu_order":6,"comment_status":"closed","ping_status":"closed","template":"","meta":{"_acf_changed":false,"_monsterinsights_skip_tracking":false,"_monsterinsights_sitenote_active":false,"_monsterinsights_sitenote_note":"","_monsterinsights_sitenote_category":0,"footnotes":""},"class_list":["post-93","page","type-page","status-publish","hentry"],"acf":[],"yoast_head":"<!-- This site is optimized with the Yoast SEO plugin v27.3 - https:\/\/yoast.com\/product\/yoast-seo-wordpress\/ -->\n<title>Geschichte - Banc Public<\/title>\n<meta name=\"robots\" content=\"index, follow, max-snippet:-1, max-image-preview:large, max-video-preview:-1\" \/>\n<link rel=\"canonical\" href=\"https:\/\/www.banc-public.ch\/de\/geschichte\/\" \/>\n<meta property=\"og:locale\" content=\"de_DE\" \/>\n<meta property=\"og:type\" content=\"article\" \/>\n<meta property=\"og:title\" content=\"Geschichte - Banc Public\" \/>\n<meta property=\"og:description\" content=\"Ein Tageszentrum um einem Bed\u00fcrfnis zu entsprechen\u00a0 Im Oktober 2002 begann das Tageszentrum seine T\u00e4tigkeit. Die Notschlafstelle la Tuile gab den Anstoss dazu. Nach schliessen der T\u00fcren am Morgen wusste man nicht wohin die obdachlosen Menschen f\u00fcr den Tag hinzuleiten. Daraus entstand eine Sudie und ein umgreifendes Projekt getragen von den verschiedenen Sozialpartnern im Kanton.&hellip; Read More\" \/>\n<meta property=\"og:url\" content=\"https:\/\/www.banc-public.ch\/de\/geschichte\/\" \/>\n<meta property=\"og:site_name\" content=\"Banc Public\" \/>\n<meta property=\"article:modified_time\" content=\"2026-04-09T12:11:56+00:00\" \/>\n<meta name=\"twitter:card\" content=\"summary_large_image\" \/>\n<meta name=\"twitter:label1\" content=\"Gesch\u00e4tzte Lesezeit\" \/>\n\t<meta name=\"twitter:data1\" content=\"3\u00a0Minuten\" \/>\n<script type=\"application\/ld+json\" class=\"yoast-schema-graph\">{\"@context\":\"https:\\\/\\\/schema.org\",\"@graph\":[{\"@type\":\"WebPage\",\"@id\":\"https:\\\/\\\/www.banc-public.ch\\\/de\\\/geschichte\\\/\",\"url\":\"https:\\\/\\\/www.banc-public.ch\\\/de\\\/geschichte\\\/\",\"name\":\"Geschichte - Banc Public\",\"isPartOf\":{\"@id\":\"https:\\\/\\\/www.banc-public.ch\\\/de\\\/#website\"},\"datePublished\":\"2017-04-05T09:53:24+00:00\",\"dateModified\":\"2026-04-09T12:11:56+00:00\",\"breadcrumb\":{\"@id\":\"https:\\\/\\\/www.banc-public.ch\\\/de\\\/geschichte\\\/#breadcrumb\"},\"inLanguage\":\"de\",\"potentialAction\":[{\"@type\":\"ReadAction\",\"target\":[\"https:\\\/\\\/www.banc-public.ch\\\/de\\\/geschichte\\\/\"]}]},{\"@type\":\"BreadcrumbList\",\"@id\":\"https:\\\/\\\/www.banc-public.ch\\\/de\\\/geschichte\\\/#breadcrumb\",\"itemListElement\":[{\"@type\":\"ListItem\",\"position\":1,\"name\":\"Accueil\",\"item\":\"https:\\\/\\\/www.banc-public.ch\\\/de\\\/willkommen\\\/\"},{\"@type\":\"ListItem\",\"position\":2,\"name\":\"Geschichte\"}]},{\"@type\":\"WebSite\",\"@id\":\"https:\\\/\\\/www.banc-public.ch\\\/de\\\/#website\",\"url\":\"https:\\\/\\\/www.banc-public.ch\\\/de\\\/\",\"name\":\"Banc Public\",\"description\":\"Accueil de jour - Tageszentrum\",\"potentialAction\":[{\"@type\":\"SearchAction\",\"target\":{\"@type\":\"EntryPoint\",\"urlTemplate\":\"https:\\\/\\\/www.banc-public.ch\\\/de\\\/?s={search_term_string}\"},\"query-input\":{\"@type\":\"PropertyValueSpecification\",\"valueRequired\":true,\"valueName\":\"search_term_string\"}}],\"inLanguage\":\"de\"}]}<\/script>\n<!-- \/ Yoast SEO plugin. -->","yoast_head_json":{"title":"Geschichte - Banc Public","robots":{"index":"index","follow":"follow","max-snippet":"max-snippet:-1","max-image-preview":"max-image-preview:large","max-video-preview":"max-video-preview:-1"},"canonical":"https:\/\/www.banc-public.ch\/de\/geschichte\/","og_locale":"de_DE","og_type":"article","og_title":"Geschichte - Banc Public","og_description":"Ein Tageszentrum um einem Bed\u00fcrfnis zu entsprechen\u00a0 Im Oktober 2002 begann das Tageszentrum seine T\u00e4tigkeit. Die Notschlafstelle la Tuile gab den Anstoss dazu. Nach schliessen der T\u00fcren am Morgen wusste man nicht wohin die obdachlosen Menschen f\u00fcr den Tag hinzuleiten. Daraus entstand eine Sudie und ein umgreifendes Projekt getragen von den verschiedenen Sozialpartnern im Kanton.&hellip; Read More","og_url":"https:\/\/www.banc-public.ch\/de\/geschichte\/","og_site_name":"Banc Public","article_modified_time":"2026-04-09T12:11:56+00:00","twitter_card":"summary_large_image","twitter_misc":{"Gesch\u00e4tzte Lesezeit":"3\u00a0Minuten"},"schema":{"@context":"https:\/\/schema.org","@graph":[{"@type":"WebPage","@id":"https:\/\/www.banc-public.ch\/de\/geschichte\/","url":"https:\/\/www.banc-public.ch\/de\/geschichte\/","name":"Geschichte - Banc Public","isPartOf":{"@id":"https:\/\/www.banc-public.ch\/de\/#website"},"datePublished":"2017-04-05T09:53:24+00:00","dateModified":"2026-04-09T12:11:56+00:00","breadcrumb":{"@id":"https:\/\/www.banc-public.ch\/de\/geschichte\/#breadcrumb"},"inLanguage":"de","potentialAction":[{"@type":"ReadAction","target":["https:\/\/www.banc-public.ch\/de\/geschichte\/"]}]},{"@type":"BreadcrumbList","@id":"https:\/\/www.banc-public.ch\/de\/geschichte\/#breadcrumb","itemListElement":[{"@type":"ListItem","position":1,"name":"Accueil","item":"https:\/\/www.banc-public.ch\/de\/willkommen\/"},{"@type":"ListItem","position":2,"name":"Geschichte"}]},{"@type":"WebSite","@id":"https:\/\/www.banc-public.ch\/de\/#website","url":"https:\/\/www.banc-public.ch\/de\/","name":"Banc Public","description":"Accueil de jour - Tageszentrum","potentialAction":[{"@type":"SearchAction","target":{"@type":"EntryPoint","urlTemplate":"https:\/\/www.banc-public.ch\/de\/?s={search_term_string}"},"query-input":{"@type":"PropertyValueSpecification","valueRequired":true,"valueName":"search_term_string"}}],"inLanguage":"de"}]}},"_links":{"self":[{"href":"https:\/\/www.banc-public.ch\/de\/wp-json\/wp\/v2\/pages\/93","targetHints":{"allow":["GET"]}}],"collection":[{"href":"https:\/\/www.banc-public.ch\/de\/wp-json\/wp\/v2\/pages"}],"about":[{"href":"https:\/\/www.banc-public.ch\/de\/wp-json\/wp\/v2\/types\/page"}],"author":[{"embeddable":true,"href":"https:\/\/www.banc-public.ch\/de\/wp-json\/wp\/v2\/users\/1"}],"replies":[{"embeddable":true,"href":"https:\/\/www.banc-public.ch\/de\/wp-json\/wp\/v2\/comments?post=93"}],"version-history":[{"count":2,"href":"https:\/\/www.banc-public.ch\/de\/wp-json\/wp\/v2\/pages\/93\/revisions"}],"predecessor-version":[{"id":3734,"href":"https:\/\/www.banc-public.ch\/de\/wp-json\/wp\/v2\/pages\/93\/revisions\/3734"}],"wp:attachment":[{"href":"https:\/\/www.banc-public.ch\/de\/wp-json\/wp\/v2\/media?parent=93"}],"curies":[{"name":"wp","href":"https:\/\/api.w.org\/{rel}","templated":true}]}}